{"id":130,"date":"2026-02-18T08:27:23","date_gmt":"2026-02-18T05:27:23","guid":{"rendered":"https:\/\/glyciroxtunisie.com\/?page_id=130"},"modified":"2026-02-18T08:27:27","modified_gmt":"2026-02-18T05:27:27","slug":"glycirox-site-officiel-au-tunisie","status":"publish","type":"page","link":"https:\/\/glyciroxtunisie.com\/","title":{"rendered":"Glycirox Site Officiel Au Tunisie"},"content":{"rendered":"\n<div class=\"wp-block-columns is-layout-flex wp-container-core-columns-is-layout-9d6595d7 wp-block-columns-is-layout-flex\">\n<div class=\"wp-block-column is-layout-flow wp-block-column-is-layout-flow\">\n<figure class=\"wp-block-image size-full\"><span itemprop=\"image\" itemscope itemtype=\"https:\/\/schema.org\/ImageObject\"><img itemprop=\"url image\" loading=\"lazy\" decoding=\"async\" width=\"875\" height=\"875\" src=\"https:\/\/glyciroxtunisie.com\/wp-content\/uploads\/2026\/02\/8.webp\" alt=\"\" class=\"wp-image-131\" srcset=\"https:\/\/glyciroxtunisie.com\/wp-content\/uploads\/2026\/02\/8.webp 875w, https:\/\/glyciroxtunisie.com\/wp-content\/uploads\/2026\/02\/8-300x300.webp 300w, https:\/\/glyciroxtunisie.com\/wp-content\/uploads\/2026\/02\/8-150x150.webp 150w, https:\/\/glyciroxtunisie.com\/wp-content\/uploads\/2026\/02\/8-768x768.webp 768w, https:\/\/glyciroxtunisie.com\/wp-content\/uploads\/2026\/02\/8-75x75.webp 75w, https:\/\/glyciroxtunisie.com\/wp-content\/uploads\/2026\/02\/8-400x400.webp 400w, https:\/\/glyciroxtunisie.com\/wp-content\/uploads\/2026\/02\/8-100x100.webp 100w\" sizes=\"auto, (max-width: 875px) 100vw, 875px\" \/><meta itemprop=\"width\" content=\"875\"><meta itemprop=\"height\" content=\"875\"><\/span><\/figure>\n<\/div>\n\n\n\n<div class=\"wp-block-column is-layout-flow wp-block-column-is-layout-flow\">\n<div class=\"price-zakazat\">Ancien prix <span class=\"cenado\">298<\/span> TND.<br \/>En vente<span class=\"tektsena\">129<\/span> TND.*<br \/><div class=\" hurrytimer-campaign hurryt-loading hurrytimer-campaign-18\" data-config=\"{&quot;id&quot;:18,&quot;run_in_background&quot;:false,&quot;sticky&quot;:false,&quot;product_ids&quot;:[],&quot;actions&quot;:[{&quot;id&quot;:1,&quot;redirectUrl&quot;:&quot;&quot;,&quot;message&quot;:&quot;&quot;,&quot;coupon&quot;:&quot;&quot;,&quot;wcStockStatus&quot;:&quot;instock&quot;}],&quot;template&quot;:&quot;&lt;div class=\\&quot;hurrytimer-timer-block \\&quot;&gt;&lt;div class=\\&quot;hurrytimer-timer-digit \\&quot;&gt;%I&lt;\\\/div&gt;&lt;div class=\\&quot;hurrytimer-timer-label \\&quot; &gt;hrs&lt;\\\/div&gt;&lt;\\\/div&gt;&lt;div class=\\&quot; hurrytimer-timer-sep\\&quot;&gt;:&lt;\\\/div&gt;&lt;div class=\\&quot;hurrytimer-timer-block \\&quot;&gt;&lt;div class=\\&quot;hurrytimer-timer-digit \\&quot;&gt;%M&lt;\\\/div&gt;&lt;div class=\\&quot;hurrytimer-timer-label \\&quot; &gt;mins&lt;\\\/div&gt;&lt;\\\/div&gt;&lt;div class=\\&quot; hurrytimer-timer-sep\\&quot;&gt;:&lt;\\\/div&gt;&lt;div class=\\&quot;hurrytimer-timer-block \\&quot;&gt;&lt;div class=\\&quot;hurrytimer-timer-digit \\&quot;&gt;%S&lt;\\\/div&gt;&lt;div class=\\&quot;hurrytimer-timer-label \\&quot; &gt;secs&lt;\\\/div&gt;&lt;\\\/div&gt;&quot;,&quot;methods&quot;:[1,2],&quot;mode&quot;:&quot;evergreen&quot;,&quot;sticky_bar_hide_timeout&quot;:7,&quot;isRegular&quot;:false,&quot;restart_duration&quot;:0,&quot;duration&quot;:3600,&quot;should_reset&quot;:false,&quot;reset_token&quot;:&quot;&quot;,&quot;restart&quot;:&quot;2&quot;,&quot;endDate&quot;:null,&quot;cookieName&quot;:&quot;_ht_CDT-18&quot;,&quot;reload_reset&quot;:false}\" ><div class=\" hurrytimer-headline\">Fin de la promotion:<\/div><div class=\" hurrytimer-timer\"><\/div><\/div><\/div>\n<div class=\"forma-zakaza\"><form id=\"orderly\" class=\"offername\" action=\"\" method=\"POST\"><input name=\"name\" required=\"\" type=\"text\" placeholder=\"Nom\" \/><input name=\"phone\" required=\"\" type=\"tel\" placeholder=\"T\u00e9l\u00e9phone\" \/><input name=\"offer_id\" type=\"hidden\" value=\"5137fc42-6157-4fbf-b3c7-191422359590\" \/> <input name=\"stream\" type=\"hidden\" value=\"5137fc42-6157-4fbf-b3c7-191422359590\" \/> <input name=\"country\" type=\"hidden\" value=\"TN\" \/><button class=\"btn-clculul\" type=\"submit\">Achetez en offre sp\u00e9ciale<\/button><\/form>\n<div class=\"textfor\">*prix promotionnel lors de l&rsquo;achat d&rsquo;un cours<\/div>\n<\/div>\n<\/div>\n<\/div>\n\n\n\n<p>L\u2019\u00e9quilibre du taux de sucre dans le sang joue un r\u00f4le essentiel dans le bon fonctionnement de l\u2019organisme. En Tunisie, les changements alimentaires, le stress et le rythme de vie moderne peuvent influencer le m\u00e9tabolisme et l\u2019\u00e9nergie quotidienne.<\/p>\n\n\n\n<p>Lorsque la r\u00e9gulation glyc\u00e9mique devient instable, cela peut se manifester par une fatigue persistante, une soif intense ou des variations de poids.<\/p>\n\n\n\n<p>Glycirox est un compl\u00e9ment alimentaire formul\u00e9 pour soutenir l\u2019\u00e9quilibre glyc\u00e9mique, accompagner le m\u00e9tabolisme et contribuer au bien-\u00eatre g\u00e9n\u00e9ral.<\/p>\n\n\n\n<div class=\"button-wrapper\"><a class=\"promo-button btn btn-size-small fancybox\" href=\"#speaker\" target=\"_self\" rel=\"noopener\">Commandez maintenant<\/a><\/div>\n\n\n\n<h2 class=\"wp-block-heading\">Pourquoi choisir Glycirox ?<\/h2>\n\n\n\n<p>Glycirox agit selon une approche compl\u00e8te visant \u00e0 soutenir plusieurs fonctions essentielles de l\u2019organisme :<\/p>\n\n\n\n<ul class=\"wp-block-list\">\n<li>Contribue au maintien d\u2019un taux de sucre normal<\/li>\n\n\n\n<li>Soutient la pr\u00e9vention des d\u00e9s\u00e9quilibres m\u00e9taboliques<\/li>\n\n\n\n<li>Participe au maintien d\u2019un taux de cholest\u00e9rol \u00e9quilibr\u00e9<\/li>\n\n\n\n<li>Favorise la sensibilit\u00e9 naturelle \u00e0 l\u2019insuline<\/li>\n\n\n\n<li>Soutient la sant\u00e9 des vaisseaux sanguins et du c\u0153ur<\/li>\n\n\n\n<li>Contribue au bon fonctionnement du syst\u00e8me immunitaire<\/li>\n\n\n\n<li>Aide \u00e0 r\u00e9duire l\u2019inconfort nerveux<\/li>\n\n\n\n<li>Participe \u00e0 l\u2019activation du m\u00e9tabolisme<\/li>\n\n\n\n<li>Contribue \u00e0 une meilleure circulation c\u00e9r\u00e9brale<\/li>\n\n\n\n<li>Offre un soutien antimicrobien naturel<\/li>\n\n\n\n<li>Aide \u00e0 maintenir la vitalit\u00e9 et la performance quotidienne<\/li>\n<\/ul>\n\n\n\n<figure class=\"wp-block-image size-large\"><span itemprop=\"image\" itemscope itemtype=\"https:\/\/schema.org\/ImageObject\"><img itemprop=\"url image\" loading=\"lazy\" decoding=\"async\" width=\"1024\" height=\"481\" src=\"https:\/\/glyciroxtunisie.com\/wp-content\/uploads\/2026\/02\/screenshot_1-1024x481.jpg\" alt=\"\" class=\"wp-image-132\" srcset=\"https:\/\/glyciroxtunisie.com\/wp-content\/uploads\/2026\/02\/screenshot_1-1024x481.jpg 1024w, https:\/\/glyciroxtunisie.com\/wp-content\/uploads\/2026\/02\/screenshot_1-300x141.jpg 300w, https:\/\/glyciroxtunisie.com\/wp-content\/uploads\/2026\/02\/screenshot_1-768x361.jpg 768w, https:\/\/glyciroxtunisie.com\/wp-content\/uploads\/2026\/02\/screenshot_1-851x400.jpg 851w, https:\/\/glyciroxtunisie.com\/wp-content\/uploads\/2026\/02\/screenshot_1.jpg 1479w\" sizes=\"auto, (max-width: 1024px) 100vw, 1024px\" \/><meta itemprop=\"width\" content=\"1024\"><meta itemprop=\"height\" content=\"481\"><\/span><\/figure>\n\n\n\n<h2 class=\"wp-block-heading\">Signes indiquant un besoin de soutien m\u00e9tabolique<\/h2>\n\n\n\n<p>Glycirox peut \u00eatre int\u00e9gr\u00e9 dans une routine de bien-\u00eatre en cas de :<\/p>\n\n\n\n<ul class=\"wp-block-list\">\n<li>Soif persistante accompagn\u00e9e d\u2019un go\u00fbt m\u00e9tallique<\/li>\n\n\n\n<li>App\u00e9tit accru et envies fr\u00e9quentes de sucreries<\/li>\n\n\n\n<li>Variation de poids (perte ou prise)<\/li>\n\n\n\n<li>D\u00e9mangeaisons au niveau des pieds, des mains ou de la peau<\/li>\n\n\n\n<li>D\u00e9s\u00e9quilibre m\u00e9tabolique global<\/li>\n\n\n\n<li>Carences en vitamines<\/li>\n\n\n\n<li>Fatigue et baisse d\u2019\u00e9nergie<\/li>\n<\/ul>\n\n\n\n<p>Ces manifestations peuvent indiquer la n\u00e9cessit\u00e9 d\u2019un accompagnement nutritionnel adapt\u00e9.<\/p>\n\n\n\n<div class=\"button-wrapper\"><a class=\"promo-button btn btn-size-small fancybox\" href=\"#speaker\" target=\"_self\" rel=\"noopener\">Commandez maintenant<\/a><\/div>\n\n\n\n<h2 class=\"wp-block-heading\">Comment agit Glycirox ?<\/h2>\n\n\n\n<p>La formule repose sur une synergie d\u2019extraits v\u00e9g\u00e9taux s\u00e9lectionn\u00e9s pour leur compl\u00e9mentarit\u00e9.<\/p>\n\n\n\n<h3 class=\"wp-block-heading\">1. Soutien de la r\u00e9gulation glyc\u00e9mique<\/h3>\n\n\n\n<p>Les composants aident \u00e0 maintenir un \u00e9quilibre naturel du glucose dans le sang.<\/p>\n\n\n\n<h3 class=\"wp-block-heading\">2. Protection vasculaire<\/h3>\n\n\n\n<p>La formule contribue au maintien de la sant\u00e9 des vaisseaux sanguins et du c\u0153ur.<\/p>\n\n\n\n<h3 class=\"wp-block-heading\">3. Activation m\u00e9tabolique<\/h3>\n\n\n\n<p>Les ingr\u00e9dients soutiennent les processus responsables de la production d\u2019\u00e9nergie et du fonctionnement hormonal.<\/p>\n\n\n\n<blockquote class=\"wp-block-quote is-layout-flow wp-block-quote-is-layout-flow\">\n<p>\u00ab Les extraits v\u00e9g\u00e9taux ciblant le m\u00e9tabolisme peuvent accompagner l\u2019\u00e9quilibre glyc\u00e9mique lorsqu\u2019ils sont associ\u00e9s \u00e0 un mode de vie sain. \u00bb<br>\u2014 Dr. Laurent Meyer, sp\u00e9cialiste en nutrition clinique (France)<\/p>\n<\/blockquote>\n\n\n\n<figure class=\"wp-block-image size-large\"><span itemprop=\"image\" itemscope itemtype=\"https:\/\/schema.org\/ImageObject\"><img itemprop=\"url image\" loading=\"lazy\" decoding=\"async\" width=\"1024\" height=\"465\" src=\"https:\/\/glyciroxtunisie.com\/wp-content\/uploads\/2026\/02\/screenshot_2-1024x465.jpg\" alt=\"\" class=\"wp-image-133\" srcset=\"https:\/\/glyciroxtunisie.com\/wp-content\/uploads\/2026\/02\/screenshot_2-1024x465.jpg 1024w, https:\/\/glyciroxtunisie.com\/wp-content\/uploads\/2026\/02\/screenshot_2-300x136.jpg 300w, https:\/\/glyciroxtunisie.com\/wp-content\/uploads\/2026\/02\/screenshot_2-768x349.jpg 768w, https:\/\/glyciroxtunisie.com\/wp-content\/uploads\/2026\/02\/screenshot_2-870x395.jpg 870w, https:\/\/glyciroxtunisie.com\/wp-content\/uploads\/2026\/02\/screenshot_2.jpg 1439w\" sizes=\"auto, (max-width: 1024px) 100vw, 1024px\" \/><meta itemprop=\"width\" content=\"1024\"><meta itemprop=\"height\" content=\"465\"><\/span><\/figure>\n\n\n\n<h2 class=\"wp-block-heading\">Composition de Glycirox<\/h2>\n\n\n\n<p>Glycirox contient :<\/p>\n\n\n\n<ul class=\"wp-block-list\">\n<li>Astragalus \u2013 Plante traditionnellement utilis\u00e9e pour soutenir l\u2019immunit\u00e9 et l\u2019\u00e9quilibre m\u00e9tabolique.<\/li>\n\n\n\n<li>Artichaut \u2013 Contribue au maintien d\u2019un m\u00e9tabolisme \u00e9quilibr\u00e9 et soutient la fonction h\u00e9patique.<\/li>\n\n\n\n<li>Gymnema \u2013 Reconnue pour son r\u00f4le dans le soutien de la r\u00e9gulation du glucose.<\/li>\n\n\n\n<li>Maltodextrine \u2013 Support technologique assurant la stabilit\u00e9 de la formule.<\/li>\n<\/ul>\n\n\n\n<h2 class=\"wp-block-heading\">Mode d\u2019emploi<\/h2>\n\n\n\n<ul class=\"wp-block-list\">\n<li>Prendre 1 capsule<\/li>\n\n\n\n<li>3 fois par jour<\/li>\n\n\n\n<li>Apr\u00e8s les repas<\/li>\n<\/ul>\n\n\n\n<p>Une utilisation r\u00e9guli\u00e8re est recommand\u00e9e pour un soutien optimal.<\/p>\n\n\n\n<div class=\"button-wrapper\"><a class=\"promo-button btn btn-size-small fancybox\" href=\"#speaker\" target=\"_self\" rel=\"noopener\">Commandez maintenant<\/a><\/div>\n\n\n\n<h2 class=\"wp-block-heading\">Prix et disponibilit\u00e9 en Tunisie<\/h2>\n\n\n\n<p>Prix promotionnel avec 50 % de r\u00e9duction : 129 TND<\/p>\n\n\n\n<p>Glycirox est disponible exclusivement via le site officiel.<\/p>\n\n\n\n<p>Il n\u2019est pas commercialis\u00e9 en pharmacie ni dans les magasins physiques \u00e0 Tunis, Sfax, Sousse, Kairouan ou Bizerte.<\/p>\n\n\n\n<h3 class=\"wp-block-heading\">Avantages de la commande en ligne :<\/h3>\n\n\n\n<ul class=\"wp-block-list\">\n<li>Produit original garanti<\/li>\n\n\n\n<li>Prix sans interm\u00e9diaires<\/li>\n\n\n\n<li>Livraison rapide dans toute la Tunisie<\/li>\n\n\n\n<li>Paiement \u00e0 la livraison<\/li>\n\n\n\n<li>Assistance lors de la confirmation de commande<\/li>\n<\/ul>\n\n\n\n<figure class=\"wp-block-image size-large\"><span itemprop=\"image\" itemscope itemtype=\"https:\/\/schema.org\/ImageObject\"><img itemprop=\"url image\" loading=\"lazy\" decoding=\"async\" width=\"1024\" height=\"421\" src=\"https:\/\/glyciroxtunisie.com\/wp-content\/uploads\/2026\/02\/screenshot_3-1024x421.jpg\" alt=\"\" class=\"wp-image-134\" srcset=\"https:\/\/glyciroxtunisie.com\/wp-content\/uploads\/2026\/02\/screenshot_3-1024x421.jpg 1024w, https:\/\/glyciroxtunisie.com\/wp-content\/uploads\/2026\/02\/screenshot_3-300x123.jpg 300w, https:\/\/glyciroxtunisie.com\/wp-content\/uploads\/2026\/02\/screenshot_3-768x316.jpg 768w, https:\/\/glyciroxtunisie.com\/wp-content\/uploads\/2026\/02\/screenshot_3-870x358.jpg 870w, https:\/\/glyciroxtunisie.com\/wp-content\/uploads\/2026\/02\/screenshot_3.jpg 1444w\" sizes=\"auto, (max-width: 1024px) 100vw, 1024px\" \/><meta itemprop=\"width\" content=\"1024\"><meta itemprop=\"height\" content=\"421\"><\/span><\/figure>\n\n\n\n<h2 class=\"wp-block-heading\">Comment commander ?<\/h2>\n\n\n\n<ol class=\"wp-block-list\">\n<li>Remplir le formulaire en ligne (nom et num\u00e9ro de t\u00e9l\u00e9phone)<\/li>\n\n\n\n<li>Recevoir un appel de confirmation<\/li>\n\n\n\n<li>Valider les informations de livraison<\/li>\n\n\n\n<li>Recevoir le colis<\/li>\n\n\n\n<li>R\u00e9gler le paiement \u00e0 la r\u00e9ception<\/li>\n<\/ol>\n\n\n\n<div class=\"button-wrapper\"><a class=\"promo-button btn btn-size-small fancybox\" href=\"#speaker\" target=\"_self\" rel=\"noopener\">Commandez maintenant<\/a><\/div>\n\n\n\n<h2 class=\"wp-block-heading\">Information importante<\/h2>\n\n\n\n<p>Glycirox est un compl\u00e9ment alimentaire et non un m\u00e9dicament.<br>Il n\u2019est pas destin\u00e9 \u00e0 diagnostiquer, traiter, gu\u00e9rir ou pr\u00e9venir une maladie.<br>Il ne remplace pas un traitement m\u00e9dical prescrit par un professionnel de sant\u00e9.<\/p>\n\n\n\n<p>Glycirox est un compl\u00e9ment alimentaire con\u00e7u pour accompagner l\u2019\u00e9quilibre glyc\u00e9mique et soutenir le m\u00e9tabolisme en Tunisie, gr\u00e2ce \u00e0 une formule v\u00e9g\u00e9tale \u00e9labor\u00e9e selon des standards de qualit\u00e9 reconnus.<\/p>\n\n\n\n<p><\/p>\n","protected":false},"excerpt":{"rendered":"<p>Ancien prix 298 TND.En vente129 TND.* Achetez en offre sp\u00e9ciale *prix promotionnel lors de l&rsquo;achat d&rsquo;un cours L\u2019\u00e9quilibre du taux de sucre dans le sang joue un r\u00f4le essentiel dans le bon fonctionnement de l\u2019organisme. En Tunisie, les changements alimentaires, le stress et le rythme de vie moderne peuvent influencer le m\u00e9tabolisme et l\u2019\u00e9nergie quotidienne. [&hellip;]<\/p>\n","protected":false},"author":1,"featured_media":0,"parent":0,"menu_order":0,"comment_status":"closed","ping_status":"closed","template":"","meta":{"footnotes":""},"class_list":["post-130","page","type-page","status-publish",""],"_links":{"self":[{"href":"https:\/\/glyciroxtunisie.com\/index.php?rest_route=\/wp\/v2\/pages\/130","targetHints":{"allow":["GET"]}}],"collection":[{"href":"https:\/\/glyciroxtunisie.com\/index.php?rest_route=\/wp\/v2\/pages"}],"about":[{"href":"https:\/\/glyciroxtunisie.com\/index.php?rest_route=\/wp\/v2\/types\/page"}],"author":[{"embeddable":true,"href":"https:\/\/glyciroxtunisie.com\/index.php?rest_route=\/wp\/v2\/users\/1"}],"replies":[{"embeddable":true,"href":"https:\/\/glyciroxtunisie.com\/index.php?rest_route=%2Fwp%2Fv2%2Fcomments&post=130"}],"version-history":[{"count":1,"href":"https:\/\/glyciroxtunisie.com\/index.php?rest_route=\/wp\/v2\/pages\/130\/revisions"}],"predecessor-version":[{"id":135,"href":"https:\/\/glyciroxtunisie.com\/index.php?rest_route=\/wp\/v2\/pages\/130\/revisions\/135"}],"wp:attachment":[{"href":"https:\/\/glyciroxtunisie.com\/index.php?rest_route=%2Fwp%2Fv2%2Fmedia&parent=130"}],"curies":[{"name":"wp","href":"https:\/\/api.w.org\/{rel}","templated":true}]}}